{"id":42,"date":"2026-03-11T18:01:04","date_gmt":"2026-03-11T10:01:04","guid":{"rendered":"https:\/\/www.pandasmoking.com\/?post_type=product&#038;p=42"},"modified":"2026-04-23T19:15:20","modified_gmt":"2026-04-23T11:15:20","slug":"chunghwa-gold-demi-slim","status":"publish","type":"product","link":"https:\/\/www.pandasmoking.com\/pt\/produto\/chunghwa-gold-demi-slim","title":{"rendered":"Chunghwa Gold Demi Slim"},"content":{"rendered":"<h3>Informa\u00e7\u00f5es sobre cigarros<\/h3>\n<table data-path-to-node=\"2\">\n<thead>\n<tr>\n<td><strong>Categoria<\/strong><\/td>\n<td><strong>Detalhes<\/strong><\/td>\n<\/tr>\n<\/thead>\n<tbody>\n<tr>\n<td><span data-path-to-node=\"2,1,0,0\"><b data-path-to-node=\"2,1,0,0\" data-index-in-node=\"0\">Marca<\/b><\/span><\/td>\n<td><span data-path-to-node=\"2,1,1,0\">Chunghwa<\/span><\/td>\n<\/tr>\n<tr>\n<td><span data-path-to-node=\"2,2,0,0\"><b data-path-to-node=\"2,2,0,0\" data-index-in-node=\"0\">Nome do produto<\/b><\/span><\/td>\n<td><span data-path-to-node=\"2,2,1,0\">Chunghwa Gold Demi Slim (tamanho m\u00e9dio)<\/span><\/td>\n<\/tr>\n<tr>\n<td><span data-path-to-node=\"2,3,0,0\"><b data-path-to-node=\"2,3,0,0\" data-index-in-node=\"0\">Tipo<\/b><\/span><\/td>\n<td><span data-path-to-node=\"2,3,1,0\">Tabaco flue-cured<\/span><\/td>\n<\/tr>\n<tr>\n<td><span data-path-to-node=\"2,4,0,0\"><b data-path-to-node=\"2,4,0,0\" data-index-in-node=\"0\">Formato<\/b><\/span><\/td>\n<td><span data-path-to-node=\"2,4,1,0\">Demi Slim (tamanho m\u00e9dio)<\/span><\/td>\n<\/tr>\n<tr>\n<td><span data-path-to-node=\"2,5,0,0\"><b data-path-to-node=\"2,5,0,0\" data-index-in-node=\"0\">Conte\u00fado de alcatr\u00e3o<\/b><\/span><\/td>\n<td><span data-path-to-node=\"2,5,1,0\">10mg<\/span><\/td>\n<\/tr>\n<tr>\n<td><span data-path-to-node=\"2,6,0,0\"><b data-path-to-node=\"2,6,0,0\" data-index-in-node=\"0\">Nicotina<\/b><\/span><\/td>\n<td><span data-path-to-node=\"2,6,1,0\">0,9 mg<\/span><\/td>\n<\/tr>\n<tr>\n<td><span data-path-to-node=\"2,7,0,0\"><b data-path-to-node=\"2,7,0,0\" data-index-in-node=\"0\">Mon\u00f3xido de carbono<\/b><\/span><\/td>\n<td><span data-path-to-node=\"2,7,1,0\">10mg<\/span><\/td>\n<\/tr>\n<tr>\n<td><span data-path-to-node=\"2,8,0,0\"><b data-path-to-node=\"2,8,0,0\" data-index-in-node=\"0\">Comprimento<\/b><\/span><\/td>\n<td><span data-path-to-node=\"2,8,1,0\">89 mm<\/span><\/td>\n<\/tr>\n<tr>\n<td><span data-path-to-node=\"2,9,0,0\"><b data-path-to-node=\"2,9,0,0\" data-index-in-node=\"0\">Tipo de embalagem<\/b><\/span><\/td>\n<td><span data-path-to-node=\"2,9,1,0\">Embalagem r\u00edgida<\/span><\/td>\n<\/tr>\n<tr>\n<td><span data-path-to-node=\"2,10,0,0\"><b data-path-to-node=\"2,10,0,0\" data-index-in-node=\"0\">Cor prim\u00e1ria<\/b><\/span><\/td>\n<td><span data-path-to-node=\"2,10,1,0\">Vermelho<\/span><\/td>\n<\/tr>\n<tr>\n<td><span data-path-to-node=\"2,11,0,0\"><b data-path-to-node=\"2,11,0,0\" data-index-in-node=\"0\">Cor secund\u00e1ria<\/b><\/span><\/td>\n<td><span data-path-to-node=\"2,11,1,0\">Ouro<\/span><\/td>\n<\/tr>\n<tr>\n<td><span data-path-to-node=\"2,12,0,0\"><b data-path-to-node=\"2,12,0,0\" data-index-in-node=\"0\">Quantidade por embalagem<\/b><\/span><\/td>\n<td><span data-path-to-node=\"2,12,1,0\">20 paus<\/span><\/td>\n<\/tr>\n<tr>\n<td><span data-path-to-node=\"2,13,0,0\"><b data-path-to-node=\"2,13,0,0\" data-index-in-node=\"0\">Unidade de embalagem<\/b><\/span><\/td>\n<td><span data-path-to-node=\"2,13,1,0\"><b data-path-to-node=\"2,13,1,0\" data-index-in-node=\"0\">Por caixa 200 cigarros<\/b> (10 embalagens)<\/span><\/td>\n<\/tr>\n<\/tbody>\n<\/table>\n<h2 data-path-to-node=\"5\">Informa\u00e7\u00f5es importantes antes da compra<\/h2>\n<h3 data-path-to-node=\"6\">Autenticidade e compet\u00eancia<\/h3>\n<ul data-path-to-node=\"7\">\n<li>\n<p data-path-to-node=\"7,0,0\"><b data-path-to-node=\"7,0,0\" data-index-in-node=\"0\">100% Garantido:<\/b> Todos os produtos s\u00e3o provenientes da <b data-path-to-node=\"7,0,0\" data-index-in-node=\"51\">Rede Nacional do Tabaco Genu\u00edna<\/b>. Mantemos uma pol\u00edtica de toler\u00e2ncia zero para produtos de contrafa\u00e7\u00e3o.<\/p>\n<\/li>\n<li>\n<p data-path-to-node=\"7,1,0\"><b data-path-to-node=\"7,1,0\" data-index-in-node=\"0\">Especialistas em log\u00edstica global:<\/b> Com anos de experi\u00eancia em <b data-path-to-node=\"7,1,0\" data-index-in-node=\"54\">log\u00edstica internacional<\/b>, A nossa empresa \u00e9 especializada na entrega segura e discreta de \u201cbens sens\u00edveis\u201d. Os clientes estrangeiros podem fazer as suas compras com toda a tranquilidade.<\/p>\n<\/li>\n<li>\n<p data-path-to-node=\"7,2,0\"><b data-path-to-node=\"7,2,0\" data-index-in-node=\"0\">Com\u00e9rcio grossista e retalhista:<\/b> Damos as boas-vindas aos amigos chineses estrangeiros e aos compradores internacionais, tanto para encomendas individuais como para encomendas a granel.<\/p>\n<\/li>\n<\/ul>\n<h3 data-path-to-node=\"8\">Expedi\u00e7\u00e3o e entrega<\/h3>\n<ul data-path-to-node=\"9\">\n<li>\n<p data-path-to-node=\"9,0,0\"><b data-path-to-node=\"9,0,0\" data-index-in-node=\"0\">Pre\u00e7os:<\/b> Todos os pre\u00e7os indicados s\u00e3o <b data-path-to-node=\"9,0,0\" data-index-in-node=\"31\">Por caixa<\/b>.<\/p>\n<\/li>\n<li>\n<p data-path-to-node=\"9,1,0\"><b data-path-to-node=\"9,1,0\" data-index-in-node=\"0\">Envio gratuito:<\/b> Desfrute de envio internacional gratuito para encomendas de <b data-path-to-node=\"9,1,0\" data-index-in-node=\"62\">uma caixa ou mais<\/b>.<\/p>\n<\/li>\n<li>\n<p data-path-to-node=\"9,2,0\"><b data-path-to-node=\"9,2,0\" data-index-in-node=\"0\">Rastreio:<\/b> Ap\u00f3s a confirma\u00e7\u00e3o do pagamento, forneceremos um <b data-path-to-node=\"9,2,0\" data-index-in-node=\"55\">n\u00famero de registo<\/b> via WhatsApp ou correio eletr\u00f3nico.<\/p>\n<\/li>\n<li>\n<p data-path-to-node=\"9,3,0\"><b data-path-to-node=\"9,3,0\" data-index-in-node=\"0\">Prazo de entrega:<\/b> Sobre <b data-path-to-node=\"9,3,0\" data-index-in-node=\"20\">90% de parcelas EMS<\/b> chegar dentro de <b data-path-to-node=\"9,3,0\" data-index-in-node=\"53\">12-20 dias<\/b>.<\/p>\n<\/li>\n<\/ul>\n<h3 data-path-to-node=\"10\">Instru\u00e7\u00f5es de pagamento (a\u00e7\u00e3o necess\u00e1ria)<\/h3>\n<blockquote data-path-to-node=\"11\">\n<p data-path-to-node=\"11,0\">\u26a0\ufe0f <b data-path-to-node=\"11,0\" data-index-in-node=\"3\">IMPORTANTE:<\/b> Devido \u00e0 natureza sens\u00edvel dos produtos do tabaco, <b data-path-to-node=\"11,0\" data-index-in-node=\"63\">os pagamentos em linha atrav\u00e9s do carrinho de compras est\u00e3o desactivados<\/b>.<\/p>\n<\/blockquote>\n<p data-path-to-node=\"12\"><b data-path-to-node=\"12\" data-index-in-node=\"0\">Siga estes passos para concluir a sua encomenda:<\/b><\/p>\n<ol start=\"1\" data-path-to-node=\"13\">\n<li>\n<p data-path-to-node=\"13,0,0\">Fa\u00e7a a sua encomenda no s\u00edtio Web.<\/p>\n<\/li>\n<li>\n<p data-path-to-node=\"13,1,0\"><b data-path-to-node=\"13,1,0\" data-index-in-node=\"0\">N\u00e3o<\/b> tentativa de pagamento atrav\u00e9s do carrinho.<\/p>\n<\/li>\n<li>\n<p data-path-to-node=\"13,2,0\">Envie o seu <b data-path-to-node=\"13,2,0\" data-index-in-node=\"10\">N\u00famero de encomenda<\/b> para o nosso <b data-path-to-node=\"13,2,0\" data-index-in-node=\"30\">WhatsApp (+44 7922 291211)<\/b>.<\/p>\n<\/li>\n<li>\n<p data-path-to-node=\"13,3,0\">A nossa equipa confirmar\u00e1 o seu endere\u00e7o de envio e fornecer\u00e1 os dados de pagamento.<\/p>\n<\/li>\n<\/ol>\n<ul data-path-to-node=\"14\">\n<li>\n<p data-path-to-node=\"14,0,0\"><b data-path-to-node=\"14,0,0\" data-index-in-node=\"0\">M\u00e9todos aceites:<\/b> PayPal, Stripe, cart\u00f5es de cr\u00e9dito e Western Union.<\/p>\n<\/li>\n<li>\n<p data-path-to-node=\"14,1,0\"><b data-path-to-node=\"14,1,0\" data-index-in-node=\"0\">Taxa de c\u00e2mbio:<\/b> As moedas estrangeiras s\u00e3o convertidas \u00e0 taxa de mercado di\u00e1ria.<\/p>\n<\/li>\n<\/ul>\n<h3 data-path-to-node=\"15\">Fiscalidade (clientes da UE)<\/h3>\n<ul data-path-to-node=\"16\">\n<li>\n<p data-path-to-node=\"16,0,0\"><b data-path-to-node=\"16,0,0\" data-index-in-node=\"0\">Reforma fiscal da UE:<\/b> Note-se que, desde julho de 2021, a UE imp\u00f5e impostos sobre todas as encomendas postais recebidas (normalmente de algumas a v\u00e1rias dezenas de euros). Trata-se de uma pol\u00edtica fiscal geral e n\u00e3o \u00e9 espec\u00edfica dos produtos do tabaco.<\/p>\n<\/li>\n<\/ul>\n<h3 data-path-to-node=\"17\">Contacto e apoio<\/h3>\n<p data-path-to-node=\"18\">Mantenha-se atualizado sobre o stock mais recente e os pre\u00e7os por grosso, ligando-se a n\u00f3s:<\/p>\n<ul data-path-to-node=\"19\">\n<li>\n<p data-path-to-node=\"19,0,0\"><b data-path-to-node=\"19,0,0\" data-index-in-node=\"0\">WhatsApp:<\/b> <a class=\"ng-star-inserted\" href=\"https:\/\/www.google.com\/search?q=https:\/\/wa.me\/447922291211\" target=\"_blank\" rel=\"noopener\" data-hveid=\"0\" data-ved=\"0CAAQ_4QMahcKEwiLqbPG0IiTAxUAAAAAHQAAAAAQaw\">+44 7922 291211<\/a> (Prim\u00e1rio)<\/p>\n<\/li>\n<li>\n<p data-path-to-node=\"19,1,0\"><b data-path-to-node=\"19,1,0\" data-index-in-node=\"0\">Correio eletr\u00f3nico:<\/b> Info@chunghwashop.com<\/p>\n<\/li>\n<\/ul>","protected":false},"excerpt":{"rendered":"<ul>\n<li>\n<p data-path-to-node=\"3,0,0\"><b data-path-to-node=\"3,0,0\" data-index-in-node=\"0\">Experi\u00eancia aut\u00eantica de Chunghwa<\/b>: Um cigarro \u201cDemi Slim\u201d (tamanho m\u00e9dio) perfeitamente equilibrado que oferece o sabor ic\u00f3nico e premium e o prest\u00edgio da marca Chunghwa.<\/p>\n<\/li>\n<li>\n<p data-path-to-node=\"3,1,0\"><b data-path-to-node=\"3,1,0\" data-index-in-node=\"0\">Tabaco Premium Flue-Cured<\/b>: Elaborado com per\u00edcia, utilizando m\u00e9todos tradicionais de cura por combust\u00e3o para garantir um aroma suave, rico e consistentemente est\u00e1vel.<\/p>\n<\/li>\n<li>\n<p data-path-to-node=\"3,2,0\"><b data-path-to-node=\"3,2,0\" data-index-in-node=\"0\">Perfil t\u00e9cnico de precis\u00e3o<\/b>: Concebida com 10 mg de alcatr\u00e3o, 0,9 mg de nicotina e 10 mg de mon\u00f3xido de carbono para um fumo refinado que se situa perfeitamente entre o leve e o ousado.<\/p>\n<\/li>\n<li>\n<p data-path-to-node=\"3,3,0\"><b data-path-to-node=\"3,3,0\" data-index-in-node=\"0\">Formato elegante de 89 mm<\/b>: Concebido com um comprimento de 89 mm para proporcionar uma sensa\u00e7\u00e3o sofisticada ao toque e uma dura\u00e7\u00e3o ideal para as prefer\u00eancias de fumo modernas.<\/p>\n<\/li>\n<li>\n<p data-path-to-node=\"3,4,0\"><b data-path-to-node=\"3,4,0\" data-index-in-node=\"0\">Embalagem r\u00edgida profissional<\/b>: Apresentado numa embalagem r\u00edgida vermelha e dourada de alta qualidade; 20 palitos por embalagem, 10 embalagens por caixa (<b data-path-to-node=\"3,4,0\" data-index-in-node=\"113\">Por caixa 200 cigarros<\/b>).<\/p>\n<\/li>\n<\/ul>","protected":false},"featured_media":78,"comment_status":"open","ping_status":"closed","template":"","meta":{"_joinchat":[]},"product_brand":[],"product_cat":[16],"product_tag":[],"class_list":{"0":"post-42","1":"product","2":"type-product","3":"status-publish","4":"has-post-thumbnail","6":"product_cat-chunghwa","8":"first","9":"outofstock","10":"shipping-taxable","11":"purchasable","12":"product-type-variable"},"_links":{"self":[{"href":"https:\/\/www.pandasmoking.com\/pt\/wp-json\/wp\/v2\/product\/42","targetHints":{"allow":["GET"]}}],"collection":[{"href":"https:\/\/www.pandasmoking.com\/pt\/wp-json\/wp\/v2\/product"}],"about":[{"href":"https:\/\/www.pandasmoking.com\/pt\/wp-json\/wp\/v2\/types\/product"}],"replies":[{"embeddable":true,"href":"https:\/\/www.pandasmoking.com\/pt\/wp-json\/wp\/v2\/comments?post=42"}],"wp:featuredmedia":[{"embeddable":true,"href":"https:\/\/www.pandasmoking.com\/pt\/wp-json\/wp\/v2\/media\/78"}],"wp:attachment":[{"href":"https:\/\/www.pandasmoking.com\/pt\/wp-json\/wp\/v2\/media?parent=42"}],"wp:term":[{"taxonomy":"product_brand","embeddable":true,"href":"https:\/\/www.pandasmoking.com\/pt\/wp-json\/wp\/v2\/product_brand?post=42"},{"taxonomy":"product_cat","embeddable":true,"href":"https:\/\/www.pandasmoking.com\/pt\/wp-json\/wp\/v2\/product_cat?post=42"},{"taxonomy":"product_tag","embeddable":true,"href":"https:\/\/www.pandasmoking.com\/pt\/wp-json\/wp\/v2\/product_tag?post=42"}],"curies":[{"name":"wp","href":"https:\/\/api.w.org\/{rel}","templated":true}]}}